{"id":810,"date":"2026-03-26T10:23:31","date_gmt":"2026-03-26T10:23:31","guid":{"rendered":"https:\/\/wordpress-c533o.wasmer.app\/?product=tepozaras-tanyer-sarokcsiszolohoz-dnipro-m-10-mm-es-adapter-nelkul"},"modified":"2026-03-26T10:23:32","modified_gmt":"2026-03-26T10:23:32","slug":"tepozaras-tanyer-sarokcsiszolohoz-dnipro-m-10-mm-es-adapter-nelkul","status":"publish","type":"product","link":"https:\/\/www.dnipro-m.hu\/?product=tepozaras-tanyer-sarokcsiszolohoz-dnipro-m-10-mm-es-adapter-nelkul","title":{"rendered":"T\u00e9p\u0151z\u00e1ras t\u00e1ny\u00e9r sarokcsiszol\u00f3hoz Dnipro-M 10 mm-es (adapter n\u00e9lk\u00fcl)"},"content":{"rendered":"","protected":false},"excerpt":{"rendered":"","protected":false},"featured_media":809,"comment_status":"open","ping_status":"closed","template":"","meta":[],"product_brand":[],"product_cat":[82],"product_tag":[],"class_list":{"0":"post-810","1":"product","2":"type-product","3":"status-publish","4":"has-post-thumbnail","6":"product_cat-csiszolo-eszkozok","7":"pa_gyarto-dnipro-m","9":"first","10":"instock","11":"taxable","12":"shipping-taxable","13":"purchasable","14":"product-type-simple"},"jetpack_sharing_enabled":true,"_links":{"self":[{"href":"https:\/\/www.dnipro-m.hu\/index.php?rest_route=\/wp\/v2\/product\/810","targetHints":{"allow":["GET"]}}],"collection":[{"href":"https:\/\/www.dnipro-m.hu\/index.php?rest_route=\/wp\/v2\/product"}],"about":[{"href":"https:\/\/www.dnipro-m.hu\/index.php?rest_route=\/wp\/v2\/types\/product"}],"replies":[{"embeddable":true,"href":"https:\/\/www.dnipro-m.hu\/index.php?rest_route=%2Fwp%2Fv2%2Fcomments&post=810"}],"wp:featuredmedia":[{"embeddable":true,"href":"https:\/\/www.dnipro-m.hu\/index.php?rest_route=\/wp\/v2\/media\/809"}],"wp:attachment":[{"href":"https:\/\/www.dnipro-m.hu\/index.php?rest_route=%2Fwp%2Fv2%2Fmedia&parent=810"}],"wp:term":[{"taxonomy":"product_brand","embeddable":true,"href":"https:\/\/www.dnipro-m.hu\/index.php?rest_route=%2Fwp%2Fv2%2Fproduct_brand&post=810"},{"taxonomy":"product_cat","embeddable":true,"href":"https:\/\/www.dnipro-m.hu\/index.php?rest_route=%2Fwp%2Fv2%2Fproduct_cat&post=810"},{"taxonomy":"product_tag","embeddable":true,"href":"https:\/\/www.dnipro-m.hu\/index.php?rest_route=%2Fwp%2Fv2%2Fproduct_tag&post=810"}],"curies":[{"name":"wp","href":"https:\/\/api.w.org\/{rel}","templated":true}]}}