{"id":780,"date":"2026-03-26T10:22:45","date_gmt":"2026-03-26T10:22:45","guid":{"rendered":"https:\/\/wordpress-c533o.wasmer.app\/?product=drotkorong-keszlet-dnipro-m-nr5-l-sargarez-5-reszes"},"modified":"2026-03-26T10:22:46","modified_gmt":"2026-03-26T10:22:46","slug":"drotkorong-keszlet-dnipro-m-nr5-l-sargarez-5-reszes","status":"publish","type":"product","link":"https:\/\/www.dnipro-m.hu\/?product=drotkorong-keszlet-dnipro-m-nr5-l-sargarez-5-reszes","title":{"rendered":"Dr\u00f3tkorong k\u00e9szlet Dnipro-M NR5-L s\u00e1rgar\u00e9z (5 r\u00e9szes)"},"content":{"rendered":"","protected":false},"excerpt":{"rendered":"","protected":false},"featured_media":779,"comment_status":"open","ping_status":"closed","template":"","meta":[],"product_brand":[],"product_cat":[81],"product_tag":[],"class_list":{"0":"post-780","1":"product","2":"type-product","3":"status-publish","4":"has-post-thumbnail","6":"product_cat-drotkorongok-es-drotkefek","7":"pa_gyarto-dnipro-m","9":"first","10":"instock","11":"taxable","12":"shipping-taxable","13":"purchasable","14":"product-type-simple"},"jetpack_sharing_enabled":true,"_links":{"self":[{"href":"https:\/\/www.dnipro-m.hu\/index.php?rest_route=\/wp\/v2\/product\/780","targetHints":{"allow":["GET"]}}],"collection":[{"href":"https:\/\/www.dnipro-m.hu\/index.php?rest_route=\/wp\/v2\/product"}],"about":[{"href":"https:\/\/www.dnipro-m.hu\/index.php?rest_route=\/wp\/v2\/types\/product"}],"replies":[{"embeddable":true,"href":"https:\/\/www.dnipro-m.hu\/index.php?rest_route=%2Fwp%2Fv2%2Fcomments&post=780"}],"wp:featuredmedia":[{"embeddable":true,"href":"https:\/\/www.dnipro-m.hu\/index.php?rest_route=\/wp\/v2\/media\/779"}],"wp:attachment":[{"href":"https:\/\/www.dnipro-m.hu\/index.php?rest_route=%2Fwp%2Fv2%2Fmedia&parent=780"}],"wp:term":[{"taxonomy":"product_brand","embeddable":true,"href":"https:\/\/www.dnipro-m.hu\/index.php?rest_route=%2Fwp%2Fv2%2Fproduct_brand&post=780"},{"taxonomy":"product_cat","embeddable":true,"href":"https:\/\/www.dnipro-m.hu\/index.php?rest_route=%2Fwp%2Fv2%2Fproduct_cat&post=780"},{"taxonomy":"product_tag","embeddable":true,"href":"https:\/\/www.dnipro-m.hu\/index.php?rest_route=%2Fwp%2Fv2%2Fproduct_tag&post=780"}],"curies":[{"name":"wp","href":"https:\/\/api.w.org\/{rel}","templated":true}]}}