{"id":304,"date":"2026-03-26T08:53:39","date_gmt":"2026-03-26T08:53:39","guid":{"rendered":"https:\/\/wordpress-c533o.wasmer.app\/?product=porszivofej-szaraz-nedves-takaritashoz-dnipro-m-32mm"},"modified":"2026-03-26T08:53:40","modified_gmt":"2026-03-26T08:53:40","slug":"porszivofej-szaraz-nedves-takaritashoz-dnipro-m-32mm","status":"publish","type":"product","link":"https:\/\/www.dnipro-m.hu\/?product=porszivofej-szaraz-nedves-takaritashoz-dnipro-m-32mm","title":{"rendered":"Porsz\u00edv\u00f3fej sz\u00e1raz-nedves takar\u00edt\u00e1shoz Dnipro-M 32mm"},"content":{"rendered":"","protected":false},"excerpt":{"rendered":"","protected":false},"featured_media":303,"comment_status":"open","ping_status":"closed","template":"","meta":[],"product_brand":[],"product_cat":[65],"product_tag":[],"class_list":{"0":"post-304","1":"product","2":"type-product","3":"status-publish","4":"has-post-thumbnail","6":"product_cat-szaraz-nedves-porszivo-tartozekok","7":"pa_gyarto-dnipro-m","9":"first","10":"instock","11":"taxable","12":"shipping-taxable","13":"purchasable","14":"product-type-simple"},"jetpack_sharing_enabled":true,"_links":{"self":[{"href":"https:\/\/www.dnipro-m.hu\/index.php?rest_route=\/wp\/v2\/product\/304","targetHints":{"allow":["GET"]}}],"collection":[{"href":"https:\/\/www.dnipro-m.hu\/index.php?rest_route=\/wp\/v2\/product"}],"about":[{"href":"https:\/\/www.dnipro-m.hu\/index.php?rest_route=\/wp\/v2\/types\/product"}],"replies":[{"embeddable":true,"href":"https:\/\/www.dnipro-m.hu\/index.php?rest_route=%2Fwp%2Fv2%2Fcomments&post=304"}],"wp:featuredmedia":[{"embeddable":true,"href":"https:\/\/www.dnipro-m.hu\/index.php?rest_route=\/wp\/v2\/media\/303"}],"wp:attachment":[{"href":"https:\/\/www.dnipro-m.hu\/index.php?rest_route=%2Fwp%2Fv2%2Fmedia&parent=304"}],"wp:term":[{"taxonomy":"product_brand","embeddable":true,"href":"https:\/\/www.dnipro-m.hu\/index.php?rest_route=%2Fwp%2Fv2%2Fproduct_brand&post=304"},{"taxonomy":"product_cat","embeddable":true,"href":"https:\/\/www.dnipro-m.hu\/index.php?rest_route=%2Fwp%2Fv2%2Fproduct_cat&post=304"},{"taxonomy":"product_tag","embeddable":true,"href":"https:\/\/www.dnipro-m.hu\/index.php?rest_route=%2Fwp%2Fv2%2Fproduct_tag&post=304"}],"curies":[{"name":"wp","href":"https:\/\/api.w.org\/{rel}","templated":true}]}}