{"id":290,"date":"2026-03-26T08:53:22","date_gmt":"2026-03-26T08:53:22","guid":{"rendered":"https:\/\/wordpress-c533o.wasmer.app\/?product=fuvokakeszlet-dnipro-m-elektromos-festekszorokhoz-3-reszes"},"modified":"2026-03-26T08:53:22","modified_gmt":"2026-03-26T08:53:22","slug":"fuvokakeszlet-dnipro-m-elektromos-festekszorokhoz-3-reszes","status":"publish","type":"product","link":"https:\/\/www.dnipro-m.hu\/?product=fuvokakeszlet-dnipro-m-elektromos-festekszorokhoz-3-reszes","title":{"rendered":"F\u00fav\u00f3kak\u00e9szlet Dnipro-M elektromos fest\u00e9ksz\u00f3r\u00f3khoz (3 r\u00e9szes)"},"content":{"rendered":"","protected":false},"excerpt":{"rendered":"","protected":false},"featured_media":289,"comment_status":"open","ping_status":"closed","template":"","meta":[],"product_brand":[],"product_cat":[64],"product_tag":[],"class_list":{"0":"post-290","1":"product","2":"type-product","3":"status-publish","4":"has-post-thumbnail","6":"product_cat-elektromos-festekszoro-tartozekok","7":"pa_gyarto-dnipro-m","9":"first","10":"instock","11":"taxable","12":"shipping-taxable","13":"purchasable","14":"product-type-simple"},"jetpack_sharing_enabled":true,"_links":{"self":[{"href":"https:\/\/www.dnipro-m.hu\/index.php?rest_route=\/wp\/v2\/product\/290","targetHints":{"allow":["GET"]}}],"collection":[{"href":"https:\/\/www.dnipro-m.hu\/index.php?rest_route=\/wp\/v2\/product"}],"about":[{"href":"https:\/\/www.dnipro-m.hu\/index.php?rest_route=\/wp\/v2\/types\/product"}],"replies":[{"embeddable":true,"href":"https:\/\/www.dnipro-m.hu\/index.php?rest_route=%2Fwp%2Fv2%2Fcomments&post=290"}],"wp:featuredmedia":[{"embeddable":true,"href":"https:\/\/www.dnipro-m.hu\/index.php?rest_route=\/wp\/v2\/media\/289"}],"wp:attachment":[{"href":"https:\/\/www.dnipro-m.hu\/index.php?rest_route=%2Fwp%2Fv2%2Fmedia&parent=290"}],"wp:term":[{"taxonomy":"product_brand","embeddable":true,"href":"https:\/\/www.dnipro-m.hu\/index.php?rest_route=%2Fwp%2Fv2%2Fproduct_brand&post=290"},{"taxonomy":"product_cat","embeddable":true,"href":"https:\/\/www.dnipro-m.hu\/index.php?rest_route=%2Fwp%2Fv2%2Fproduct_cat&post=290"},{"taxonomy":"product_tag","embeddable":true,"href":"https:\/\/www.dnipro-m.hu\/index.php?rest_route=%2Fwp%2Fv2%2Fproduct_tag&post=290"}],"curies":[{"name":"wp","href":"https:\/\/api.w.org\/{rel}","templated":true}]}}