{"id":288,"date":"2026-03-26T08:53:20","date_gmt":"2026-03-26T08:53:20","guid":{"rendered":"https:\/\/wordpress-c533o.wasmer.app\/?product=hosszabbito-kabel-dnipro-m-se2-3x1-5-mm%c2%b2-15-m"},"modified":"2026-03-26T08:53:20","modified_gmt":"2026-03-26T08:53:20","slug":"hosszabbito-kabel-dnipro-m-se2-3x1-5-mm%c2%b2-15-m","status":"publish","type":"product","link":"https:\/\/www.dnipro-m.hu\/?product=hosszabbito-kabel-dnipro-m-se2-3x1-5-mm%c2%b2-15-m","title":{"rendered":"Hosszabb\u00edt\u00f3 k\u00e1bel Dnipro-M SE2 3&#215;1.5 mm\u00b2 15 m"},"content":{"rendered":"","protected":false},"excerpt":{"rendered":"","protected":false},"featured_media":287,"comment_status":"open","ping_status":"closed","template":"","meta":[],"product_brand":[],"product_cat":[63],"product_tag":[],"class_list":{"0":"post-288","1":"product","2":"type-product","3":"status-publish","4":"has-post-thumbnail","6":"product_cat-hosszabbitok","7":"pa_gyarto-dnipro-m","9":"first","10":"instock","11":"taxable","12":"shipping-taxable","13":"purchasable","14":"product-type-simple"},"jetpack_sharing_enabled":true,"_links":{"self":[{"href":"https:\/\/www.dnipro-m.hu\/index.php?rest_route=\/wp\/v2\/product\/288","targetHints":{"allow":["GET"]}}],"collection":[{"href":"https:\/\/www.dnipro-m.hu\/index.php?rest_route=\/wp\/v2\/product"}],"about":[{"href":"https:\/\/www.dnipro-m.hu\/index.php?rest_route=\/wp\/v2\/types\/product"}],"replies":[{"embeddable":true,"href":"https:\/\/www.dnipro-m.hu\/index.php?rest_route=%2Fwp%2Fv2%2Fcomments&post=288"}],"wp:featuredmedia":[{"embeddable":true,"href":"https:\/\/www.dnipro-m.hu\/index.php?rest_route=\/wp\/v2\/media\/287"}],"wp:attachment":[{"href":"https:\/\/www.dnipro-m.hu\/index.php?rest_route=%2Fwp%2Fv2%2Fmedia&parent=288"}],"wp:term":[{"taxonomy":"product_brand","embeddable":true,"href":"https:\/\/www.dnipro-m.hu\/index.php?rest_route=%2Fwp%2Fv2%2Fproduct_brand&post=288"},{"taxonomy":"product_cat","embeddable":true,"href":"https:\/\/www.dnipro-m.hu\/index.php?rest_route=%2Fwp%2Fv2%2Fproduct_cat&post=288"},{"taxonomy":"product_tag","embeddable":true,"href":"https:\/\/www.dnipro-m.hu\/index.php?rest_route=%2Fwp%2Fv2%2Fproduct_tag&post=288"}],"curies":[{"name":"wp","href":"https:\/\/api.w.org\/{rel}","templated":true}]}}