{"id":270,"date":"2026-03-26T08:52:51","date_gmt":"2026-03-26T08:52:51","guid":{"rendered":"https:\/\/wordpress-c533o.wasmer.app\/?product=sarokcsiszolo-peremes-alatet-es-rogzitoanya-m14-dnipro-m"},"modified":"2026-03-26T08:52:52","modified_gmt":"2026-03-26T08:52:52","slug":"sarokcsiszolo-peremes-alatet-es-rogzitoanya-m14-dnipro-m","status":"publish","type":"product","link":"https:\/\/www.dnipro-m.hu\/?product=sarokcsiszolo-peremes-alatet-es-rogzitoanya-m14-dnipro-m","title":{"rendered":"Sarokcsiszol\u00f3 peremes al\u00e1t\u00e9t \u00e9s r\u00f6gz\u00edt\u0151anya M14 Dnipro-M"},"content":{"rendered":"","protected":false},"excerpt":{"rendered":"","protected":false},"featured_media":269,"comment_status":"open","ping_status":"closed","template":"","meta":[],"product_brand":[],"product_cat":[62],"product_tag":[],"class_list":{"0":"post-270","1":"product","2":"type-product","3":"status-publish","4":"has-post-thumbnail","6":"product_cat-sarokcsiszolo-tartozekok","7":"pa_gyarto-dnipro-m","9":"first","10":"instock","11":"taxable","12":"shipping-taxable","13":"purchasable","14":"product-type-simple"},"jetpack_sharing_enabled":true,"_links":{"self":[{"href":"https:\/\/www.dnipro-m.hu\/index.php?rest_route=\/wp\/v2\/product\/270","targetHints":{"allow":["GET"]}}],"collection":[{"href":"https:\/\/www.dnipro-m.hu\/index.php?rest_route=\/wp\/v2\/product"}],"about":[{"href":"https:\/\/www.dnipro-m.hu\/index.php?rest_route=\/wp\/v2\/types\/product"}],"replies":[{"embeddable":true,"href":"https:\/\/www.dnipro-m.hu\/index.php?rest_route=%2Fwp%2Fv2%2Fcomments&post=270"}],"wp:featuredmedia":[{"embeddable":true,"href":"https:\/\/www.dnipro-m.hu\/index.php?rest_route=\/wp\/v2\/media\/269"}],"wp:attachment":[{"href":"https:\/\/www.dnipro-m.hu\/index.php?rest_route=%2Fwp%2Fv2%2Fmedia&parent=270"}],"wp:term":[{"taxonomy":"product_brand","embeddable":true,"href":"https:\/\/www.dnipro-m.hu\/index.php?rest_route=%2Fwp%2Fv2%2Fproduct_brand&post=270"},{"taxonomy":"product_cat","embeddable":true,"href":"https:\/\/www.dnipro-m.hu\/index.php?rest_route=%2Fwp%2Fv2%2Fproduct_cat&post=270"},{"taxonomy":"product_tag","embeddable":true,"href":"https:\/\/www.dnipro-m.hu\/index.php?rest_route=%2Fwp%2Fv2%2Fproduct_tag&post=270"}],"curies":[{"name":"wp","href":"https:\/\/api.w.org\/{rel}","templated":true}]}}