{"id":226,"date":"2026-03-26T08:51:57","date_gmt":"2026-03-26T08:51:57","guid":{"rendered":"https:\/\/wordpress-c533o.wasmer.app\/?product=jelolozsinor-dnipro-m-30-m-3-az-1-ben"},"modified":"2026-03-26T08:51:57","modified_gmt":"2026-03-26T08:51:57","slug":"jelolozsinor-dnipro-m-30-m-3-az-1-ben","status":"publish","type":"product","link":"https:\/\/www.dnipro-m.hu\/?product=jelolozsinor-dnipro-m-30-m-3-az-1-ben","title":{"rendered":"Jel\u00f6l\u0151zsin\u00f3r Dnipro-M 30 m 3 az 1-ben"},"content":{"rendered":"","protected":false},"excerpt":{"rendered":"","protected":false},"featured_media":225,"comment_status":"open","ping_status":"closed","template":"","meta":[],"product_brand":[],"product_cat":[50],"product_tag":[],"class_list":{"0":"post-226","1":"product","2":"type-product","3":"status-publish","4":"has-post-thumbnail","6":"product_cat-jelolozsinorok-es-festekek","7":"pa_gyarto-dnipro-m","9":"first","10":"instock","11":"taxable","12":"shipping-taxable","13":"purchasable","14":"product-type-simple"},"jetpack_sharing_enabled":true,"_links":{"self":[{"href":"https:\/\/www.dnipro-m.hu\/index.php?rest_route=\/wp\/v2\/product\/226","targetHints":{"allow":["GET"]}}],"collection":[{"href":"https:\/\/www.dnipro-m.hu\/index.php?rest_route=\/wp\/v2\/product"}],"about":[{"href":"https:\/\/www.dnipro-m.hu\/index.php?rest_route=\/wp\/v2\/types\/product"}],"replies":[{"embeddable":true,"href":"https:\/\/www.dnipro-m.hu\/index.php?rest_route=%2Fwp%2Fv2%2Fcomments&post=226"}],"wp:featuredmedia":[{"embeddable":true,"href":"https:\/\/www.dnipro-m.hu\/index.php?rest_route=\/wp\/v2\/media\/225"}],"wp:attachment":[{"href":"https:\/\/www.dnipro-m.hu\/index.php?rest_route=%2Fwp%2Fv2%2Fmedia&parent=226"}],"wp:term":[{"taxonomy":"product_brand","embeddable":true,"href":"https:\/\/www.dnipro-m.hu\/index.php?rest_route=%2Fwp%2Fv2%2Fproduct_brand&post=226"},{"taxonomy":"product_cat","embeddable":true,"href":"https:\/\/www.dnipro-m.hu\/index.php?rest_route=%2Fwp%2Fv2%2Fproduct_cat&post=226"},{"taxonomy":"product_tag","embeddable":true,"href":"https:\/\/www.dnipro-m.hu\/index.php?rest_route=%2Fwp%2Fv2%2Fproduct_tag&post=226"}],"curies":[{"name":"wp","href":"https:\/\/api.w.org\/{rel}","templated":true}]}}