{"id":19,"date":"2026-03-26T08:37:51","date_gmt":"2026-03-26T08:37:51","guid":{"rendered":"https:\/\/wordpress-c533o.wasmer.app\/?product=munkavedelmi-kesztyu-dnipro-m-profit-precizios-munkakhoz-9-es-meret"},"modified":"2026-03-26T08:37:52","modified_gmt":"2026-03-26T08:37:52","slug":"munkavedelmi-kesztyu-dnipro-m-profit-precizios-munkakhoz-9-es-meret","status":"publish","type":"product","link":"https:\/\/www.dnipro-m.hu\/?product=munkavedelmi-kesztyu-dnipro-m-profit-precizios-munkakhoz-9-es-meret","title":{"rendered":"Munkav\u00e9delmi keszty\u0171 Dnipro-M Profit prec\u00edzi\u00f3s munk\u00e1khoz 9-es m\u00e9ret"},"content":{"rendered":"","protected":false},"excerpt":{"rendered":"","protected":false},"featured_media":18,"comment_status":"open","ping_status":"closed","template":"","meta":[],"product_brand":[],"product_cat":[17],"product_tag":[],"class_list":{"0":"post-19","1":"product","2":"type-product","3":"status-publish","4":"has-post-thumbnail","6":"product_cat-vedokesztyuk","7":"pa_gyarto-dnipro-m","9":"first","10":"instock","11":"taxable","12":"shipping-taxable","13":"purchasable","14":"product-type-simple"},"jetpack_sharing_enabled":true,"_links":{"self":[{"href":"https:\/\/www.dnipro-m.hu\/index.php?rest_route=\/wp\/v2\/product\/19","targetHints":{"allow":["GET"]}}],"collection":[{"href":"https:\/\/www.dnipro-m.hu\/index.php?rest_route=\/wp\/v2\/product"}],"about":[{"href":"https:\/\/www.dnipro-m.hu\/index.php?rest_route=\/wp\/v2\/types\/product"}],"replies":[{"embeddable":true,"href":"https:\/\/www.dnipro-m.hu\/index.php?rest_route=%2Fwp%2Fv2%2Fcomments&post=19"}],"wp:featuredmedia":[{"embeddable":true,"href":"https:\/\/www.dnipro-m.hu\/index.php?rest_route=\/wp\/v2\/media\/18"}],"wp:attachment":[{"href":"https:\/\/www.dnipro-m.hu\/index.php?rest_route=%2Fwp%2Fv2%2Fmedia&parent=19"}],"wp:term":[{"taxonomy":"product_brand","embeddable":true,"href":"https:\/\/www.dnipro-m.hu\/index.php?rest_route=%2Fwp%2Fv2%2Fproduct_brand&post=19"},{"taxonomy":"product_cat","embeddable":true,"href":"https:\/\/www.dnipro-m.hu\/index.php?rest_route=%2Fwp%2Fv2%2Fproduct_cat&post=19"},{"taxonomy":"product_tag","embeddable":true,"href":"https:\/\/www.dnipro-m.hu\/index.php?rest_route=%2Fwp%2Fv2%2Fproduct_tag&post=19"}],"curies":[{"name":"wp","href":"https:\/\/api.w.org\/{rel}","templated":true}]}}