{"id":151,"date":"2026-03-26T08:40:38","date_gmt":"2026-03-26T08:40:38","guid":{"rendered":"https:\/\/wordpress-c533o.wasmer.app\/?product=femfuro-keszlet-dnipro-m-p6m5k5-1-10-mm-10-reszes"},"modified":"2026-03-26T08:40:39","modified_gmt":"2026-03-26T08:40:39","slug":"femfuro-keszlet-dnipro-m-p6m5k5-1-10-mm-10-reszes","status":"publish","type":"product","link":"https:\/\/www.dnipro-m.hu\/?product=femfuro-keszlet-dnipro-m-p6m5k5-1-10-mm-10-reszes","title":{"rendered":"F\u00e9mf\u00far\u00f3 k\u00e9szlet Dnipro-M P6M5K5 1-10 mm (10 r\u00e9szes)"},"content":{"rendered":"","protected":false},"excerpt":{"rendered":"","protected":false},"featured_media":150,"comment_status":"open","ping_status":"closed","template":"","meta":[],"product_brand":[],"product_cat":[33],"product_tag":[],"class_list":{"0":"post-151","1":"product","2":"type-product","3":"status-publish","4":"has-post-thumbnail","6":"product_cat-furokeszletek","7":"pa_gyarto-dnipro-m","9":"first","10":"instock","11":"taxable","12":"shipping-taxable","13":"purchasable","14":"product-type-simple"},"jetpack_sharing_enabled":true,"_links":{"self":[{"href":"https:\/\/www.dnipro-m.hu\/index.php?rest_route=\/wp\/v2\/product\/151","targetHints":{"allow":["GET"]}}],"collection":[{"href":"https:\/\/www.dnipro-m.hu\/index.php?rest_route=\/wp\/v2\/product"}],"about":[{"href":"https:\/\/www.dnipro-m.hu\/index.php?rest_route=\/wp\/v2\/types\/product"}],"replies":[{"embeddable":true,"href":"https:\/\/www.dnipro-m.hu\/index.php?rest_route=%2Fwp%2Fv2%2Fcomments&post=151"}],"wp:featuredmedia":[{"embeddable":true,"href":"https:\/\/www.dnipro-m.hu\/index.php?rest_route=\/wp\/v2\/media\/150"}],"wp:attachment":[{"href":"https:\/\/www.dnipro-m.hu\/index.php?rest_route=%2Fwp%2Fv2%2Fmedia&parent=151"}],"wp:term":[{"taxonomy":"product_brand","embeddable":true,"href":"https:\/\/www.dnipro-m.hu\/index.php?rest_route=%2Fwp%2Fv2%2Fproduct_brand&post=151"},{"taxonomy":"product_cat","embeddable":true,"href":"https:\/\/www.dnipro-m.hu\/index.php?rest_route=%2Fwp%2Fv2%2Fproduct_cat&post=151"},{"taxonomy":"product_tag","embeddable":true,"href":"https:\/\/www.dnipro-m.hu\/index.php?rest_route=%2Fwp%2Fv2%2Fproduct_tag&post=151"}],"curies":[{"name":"wp","href":"https:\/\/api.w.org\/{rel}","templated":true}]}}