{"id":1245,"date":"2026-03-26T11:07:25","date_gmt":"2026-03-26T11:07:25","guid":{"rendered":"https:\/\/wordpress-c533o.wasmer.app\/?product=porszivo-szaraz-es-nedves-tisztitashoz-dnipro-m-vcw-20sa"},"modified":"2026-03-26T11:07:26","modified_gmt":"2026-03-26T11:07:26","slug":"porszivo-szaraz-es-nedves-tisztitashoz-dnipro-m-vcw-20sa","status":"publish","type":"product","link":"https:\/\/www.dnipro-m.hu\/?product=porszivo-szaraz-es-nedves-tisztitashoz-dnipro-m-vcw-20sa","title":{"rendered":"Porsz\u00edv\u00f3 sz\u00e1raz \u00e9s nedves tiszt\u00edt\u00e1shoz Dnipro-M VCW-20SA"},"content":{"rendered":"","protected":false},"excerpt":{"rendered":"","protected":false},"featured_media":1244,"comment_status":"open","ping_status":"closed","template":"","meta":[],"product_brand":[],"product_cat":[99],"product_tag":[],"class_list":{"0":"post-1245","1":"product","2":"type-product","3":"status-publish","4":"has-post-thumbnail","6":"product_cat-szaraz-nedves-porszivok","7":"pa_gyarto-dnipro-m","9":"first","10":"instock","11":"taxable","12":"shipping-taxable","13":"purchasable","14":"product-type-simple"},"jetpack_sharing_enabled":true,"_links":{"self":[{"href":"https:\/\/www.dnipro-m.hu\/index.php?rest_route=\/wp\/v2\/product\/1245","targetHints":{"allow":["GET"]}}],"collection":[{"href":"https:\/\/www.dnipro-m.hu\/index.php?rest_route=\/wp\/v2\/product"}],"about":[{"href":"https:\/\/www.dnipro-m.hu\/index.php?rest_route=\/wp\/v2\/types\/product"}],"replies":[{"embeddable":true,"href":"https:\/\/www.dnipro-m.hu\/index.php?rest_route=%2Fwp%2Fv2%2Fcomments&post=1245"}],"wp:featuredmedia":[{"embeddable":true,"href":"https:\/\/www.dnipro-m.hu\/index.php?rest_route=\/wp\/v2\/media\/1244"}],"wp:attachment":[{"href":"https:\/\/www.dnipro-m.hu\/index.php?rest_route=%2Fwp%2Fv2%2Fmedia&parent=1245"}],"wp:term":[{"taxonomy":"product_brand","embeddable":true,"href":"https:\/\/www.dnipro-m.hu\/index.php?rest_route=%2Fwp%2Fv2%2Fproduct_brand&post=1245"},{"taxonomy":"product_cat","embeddable":true,"href":"https:\/\/www.dnipro-m.hu\/index.php?rest_route=%2Fwp%2Fv2%2Fproduct_cat&post=1245"},{"taxonomy":"product_tag","embeddable":true,"href":"https:\/\/www.dnipro-m.hu\/index.php?rest_route=%2Fwp%2Fv2%2Fproduct_tag&post=1245"}],"curies":[{"name":"wp","href":"https:\/\/api.w.org\/{rel}","templated":true}]}}