{"id":8,"date":"2026-03-26T08:14:35","date_gmt":"2026-03-26T08:14:35","guid":{"rendered":"https:\/\/wordpress-c533o.wasmer.app\/?page_id=8"},"modified":"2026-03-26T08:45:08","modified_gmt":"2026-03-26T08:45:08","slug":"cart","status":"publish","type":"page","link":"https:\/\/www.dnipro-m.hu\/?page_id=8","title":{"rendered":"Cart"},"content":{"rendered":"\n<div data-block-name=\"woocommerce\/cart\" class=\"wp-block-woocommerce-cart alignwide is-loading\">\n<div data-block-name=\"woocommerce\/filled-cart-block\" class=\"wp-block-woocommerce-filled-cart-block\">\n<div data-block-name=\"woocommerce\/cart-items-block\" class=\"wp-block-woocommerce-cart-items-block\">\n<div data-block-name=\"woocommerce\/cart-line-items-block\" class=\"wp-block-woocommerce-cart-line-items-block\"><\/div>\n\n\n<\/div>\n\n\n\n\n<div data-block-name=\"woocommerce\/cart-totals-block\" class=\"wp-block-woocommerce-cart-totals-block\">\n<div data-block-name=\"woocommerce\/cart-order-summary-block\" class=\"wp-block-woocommerce-cart-order-summary-block\">\n<div data-block-name=\"woocommerce\/cart-order-summary-heading-block\" class=\"wp-block-woocommerce-cart-order-summary-heading-block\"><\/div><div data-block-name=\"woocommerce\/cart-order-summary-coupon-form-block\" class=\"wp-block-woocommerce-cart-order-summary-coupon-form-block\"><\/div><div data-block-name=\"woocommerce\/cart-order-summary-totals-block\" class=\"wp-block-woocommerce-cart-order-summary-totals-block\">\n<div data-block-name=\"woocommerce\/cart-order-summary-subtotal-block\" class=\"wp-block-woocommerce-cart-order-summary-subtotal-block\"><\/div>\n<div data-block-name=\"woocommerce\/cart-order-summary-discount-block\" class=\"wp-block-woocommerce-cart-order-summary-discount-block\"><\/div>\n<div data-block-name=\"woocommerce\/cart-order-summary-fee-block\" class=\"wp-block-woocommerce-cart-order-summary-fee-block\"><\/div>\n<div data-block-name=\"woocommerce\/cart-order-summary-shipping-block\" class=\"wp-block-woocommerce-cart-order-summary-shipping-block\"><\/div>\n<div data-block-name=\"woocommerce\/cart-order-summary-taxes-block\" class=\"wp-block-woocommerce-cart-order-summary-taxes-block\"><\/div><\/div>\n<\/div>\n\n\n\n<div data-block-name=\"woocommerce\/cart-express-payment-block\" class=\"wp-block-woocommerce-cart-express-payment-block\"><\/div>\n\n\n\n<div data-block-name=\"woocommerce\/proceed-to-checkout-block\" class=\"wp-block-woocommerce-proceed-to-checkout-block\"><\/div>\n\n\n\n<div data-block-name=\"woocommerce\/cart-accepted-payment-methods-block\" class=\"wp-block-woocommerce-cart-accepted-payment-methods-block\"><\/div>\n<\/div>\n<\/div>\n\n\n\n<div data-block-name=\"woocommerce\/empty-cart-block\" class=\"wp-block-woocommerce-empty-cart-block\">\n<h2 class=\"wp-block-heading has-text-align-center with-empty-cart-icon wc-block-cart__empty-cart__title\">Your cart is currently empty!<\/h2>\n\n\n\n<hr class=\"wp-block-separator has-alpha-channel-opacity is-style-dots\"\/>\n\n\n\n<h2 class=\"wp-block-heading has-text-align-center\">New in store<\/h2>\n\n\n<div data-block-name=\"woocommerce\/product-new\" data-columns=\"4\" data-rows=\"1\" class=\"wc-block-grid wp-block-product-new wp-block-woocommerce-product-new wc-block-product-new has-4-columns\"><ul class=\"wc-block-grid__products\"><li class=\"wc-block-grid__product\">\n\t\t\t\t<a href=\"https:\/\/www.dnipro-m.hu\/?product=furo-vesokalapacs-dnipro-m-rh-12\" class=\"wc-block-grid__product-link\">\n\t\t\t\t\t\n\t\t\t\t\t<div class=\"wc-block-grid__product-image\"><img loading=\"lazy\" decoding=\"async\" width=\"324\" height=\"324\" src=\"https:\/\/www.dnipro-m.hu\/wp-content\/uploads\/2026\/03\/22539000_1-324x324.jpg\" class=\"attachment-woocommerce_thumbnail size-woocommerce_thumbnail\" alt=\"F\u00far\u00f3-v\u00e9s\u0151kalap\u00e1cs Dnipro-M RH-12\" srcset=\"https:\/\/www.dnipro-m.hu\/wp-content\/uploads\/2026\/03\/22539000_1-324x324.jpg 324w, https:\/\/www.dnipro-m.hu\/wp-content\/uploads\/2026\/03\/22539000_1-300x300.jpg 300w, https:\/\/www.dnipro-m.hu\/wp-content\/uploads\/2026\/03\/22539000_1-1024x1024.jpg 1024w, https:\/\/www.dnipro-m.hu\/wp-content\/uploads\/2026\/03\/22539000_1-150x150.jpg 150w, https:\/\/www.dnipro-m.hu\/wp-content\/uploads\/2026\/03\/22539000_1-768x768.jpg 768w, https:\/\/www.dnipro-m.hu\/wp-content\/uploads\/2026\/03\/22539000_1-416x416.jpg 416w, https:\/\/www.dnipro-m.hu\/wp-content\/uploads\/2026\/03\/22539000_1-100x100.jpg 100w, https:\/\/www.dnipro-m.hu\/wp-content\/uploads\/2026\/03\/22539000_1-64x64.jpg 64w, https:\/\/www.dnipro-m.hu\/wp-content\/uploads\/2026\/03\/22539000_1.jpg 1500w\" sizes=\"auto, (max-width: 324px) 100vw, 324px\" \/><\/div>\n\t\t\t\t\t<div class=\"wc-block-grid__product-title\">F\u00far\u00f3-v\u00e9s\u0151kalap\u00e1cs Dnipro-M RH-12<\/div>\n\t\t\t\t<\/a>\n\t\t\t\t<div class=\"wc-block-grid__product-price price\"><span class=\"woocommerce-Price-amount amount\">39291,34&nbsp;<span class=\"woocommerce-Price-currencySymbol\">&#070;&#116;<\/span><\/span> <small class=\"woocommerce-price-suffix\">Ft<\/small><\/div>\n\t\t\t\t\n\t\t\t\t<div class=\"wp-block-button wc-block-grid__product-add-to-cart\"><a href=\"\/index.php?rest_route=%2Fwp%2Fv2%2Fpages%2F8&#038;add-to-cart=1447\" aria-label=\"Add to cart: &ldquo;F\u00far\u00f3-v\u00e9s\u0151kalap\u00e1cs Dnipro-M RH-12&rdquo;\" data-quantity=\"1\" data-product_id=\"1447\" data-product_sku=\"22539000\" data-price=\"39291.34\" rel=\"nofollow\" class=\"wp-block-button__link  add_to_cart_button ajax_add_to_cart\">Add to cart<\/a><\/div>\n\t\t\t<\/li><li class=\"wc-block-grid__product\">\n\t\t\t\t<a href=\"https:\/\/www.dnipro-m.hu\/?product=furo-vesokalapacs-dnipro-m-rh-16\" class=\"wc-block-grid__product-link\">\n\t\t\t\t\t\n\t\t\t\t\t<div class=\"wc-block-grid__product-image\"><img loading=\"lazy\" decoding=\"async\" width=\"324\" height=\"324\" src=\"https:\/\/www.dnipro-m.hu\/wp-content\/uploads\/2026\/03\/22541000_1-324x324.jpg\" class=\"attachment-woocommerce_thumbnail size-woocommerce_thumbnail\" alt=\"F\u00far\u00f3-v\u00e9s\u0151kalap\u00e1cs Dnipro-M RH-16\" srcset=\"https:\/\/www.dnipro-m.hu\/wp-content\/uploads\/2026\/03\/22541000_1-324x324.jpg 324w, https:\/\/www.dnipro-m.hu\/wp-content\/uploads\/2026\/03\/22541000_1-300x300.jpg 300w, https:\/\/www.dnipro-m.hu\/wp-content\/uploads\/2026\/03\/22541000_1-1024x1024.jpg 1024w, https:\/\/www.dnipro-m.hu\/wp-content\/uploads\/2026\/03\/22541000_1-150x150.jpg 150w, https:\/\/www.dnipro-m.hu\/wp-content\/uploads\/2026\/03\/22541000_1-768x768.jpg 768w, https:\/\/www.dnipro-m.hu\/wp-content\/uploads\/2026\/03\/22541000_1-416x416.jpg 416w, https:\/\/www.dnipro-m.hu\/wp-content\/uploads\/2026\/03\/22541000_1-100x100.jpg 100w, https:\/\/www.dnipro-m.hu\/wp-content\/uploads\/2026\/03\/22541000_1-64x64.jpg 64w, https:\/\/www.dnipro-m.hu\/wp-content\/uploads\/2026\/03\/22541000_1.jpg 1500w\" sizes=\"auto, (max-width: 324px) 100vw, 324px\" \/><\/div>\n\t\t\t\t\t<div class=\"wc-block-grid__product-title\">F\u00far\u00f3-v\u00e9s\u0151kalap\u00e1cs Dnipro-M RH-16<\/div>\n\t\t\t\t<\/a>\n\t\t\t\t<div class=\"wc-block-grid__product-price price\"><span class=\"woocommerce-Price-amount amount\">41653,54&nbsp;<span class=\"woocommerce-Price-currencySymbol\">&#070;&#116;<\/span><\/span> <small class=\"woocommerce-price-suffix\">Ft<\/small><\/div>\n\t\t\t\t\n\t\t\t\t<div class=\"wp-block-button wc-block-grid__product-add-to-cart\"><a href=\"\/index.php?rest_route=%2Fwp%2Fv2%2Fpages%2F8&#038;add-to-cart=1445\" aria-label=\"Add to cart: &ldquo;F\u00far\u00f3-v\u00e9s\u0151kalap\u00e1cs Dnipro-M RH-16&rdquo;\" data-quantity=\"1\" data-product_id=\"1445\" data-product_sku=\"22541000\" data-price=\"41653.54\" rel=\"nofollow\" class=\"wp-block-button__link  add_to_cart_button ajax_add_to_cart\">Add to cart<\/a><\/div>\n\t\t\t<\/li><li class=\"wc-block-grid__product\">\n\t\t\t\t<a href=\"https:\/\/www.dnipro-m.hu\/?product=furokalapacs-dnipro-m-rh-100\" class=\"wc-block-grid__product-link\">\n\t\t\t\t\t\n\t\t\t\t\t<div class=\"wc-block-grid__product-image\"><img loading=\"lazy\" decoding=\"async\" width=\"324\" height=\"324\" src=\"https:\/\/www.dnipro-m.hu\/wp-content\/uploads\/2026\/03\/49127000_1-324x324.jpg\" class=\"attachment-woocommerce_thumbnail size-woocommerce_thumbnail\" alt=\"F\u00far\u00f3kalap\u00e1cs Dnipro-M RH-100\" srcset=\"https:\/\/www.dnipro-m.hu\/wp-content\/uploads\/2026\/03\/49127000_1-324x324.jpg 324w, https:\/\/www.dnipro-m.hu\/wp-content\/uploads\/2026\/03\/49127000_1-300x300.jpg 300w, https:\/\/www.dnipro-m.hu\/wp-content\/uploads\/2026\/03\/49127000_1-1024x1024.jpg 1024w, https:\/\/www.dnipro-m.hu\/wp-content\/uploads\/2026\/03\/49127000_1-150x150.jpg 150w, https:\/\/www.dnipro-m.hu\/wp-content\/uploads\/2026\/03\/49127000_1-768x768.jpg 768w, https:\/\/www.dnipro-m.hu\/wp-content\/uploads\/2026\/03\/49127000_1-416x416.jpg 416w, https:\/\/www.dnipro-m.hu\/wp-content\/uploads\/2026\/03\/49127000_1-100x100.jpg 100w, https:\/\/www.dnipro-m.hu\/wp-content\/uploads\/2026\/03\/49127000_1-64x64.jpg 64w, https:\/\/www.dnipro-m.hu\/wp-content\/uploads\/2026\/03\/49127000_1.jpg 1500w\" sizes=\"auto, (max-width: 324px) 100vw, 324px\" \/><\/div>\n\t\t\t\t\t<div class=\"wc-block-grid__product-title\">F\u00far\u00f3kalap\u00e1cs Dnipro-M RH-100<\/div>\n\t\t\t\t<\/a>\n\t\t\t\t<div class=\"wc-block-grid__product-price price\"><span class=\"woocommerce-Price-amount amount\">32992,13&nbsp;<span class=\"woocommerce-Price-currencySymbol\">&#070;&#116;<\/span><\/span> <small class=\"woocommerce-price-suffix\">Ft<\/small><\/div>\n\t\t\t\t\n\t\t\t\t<div class=\"wp-block-button wc-block-grid__product-add-to-cart\"><a href=\"\/index.php?rest_route=%2Fwp%2Fv2%2Fpages%2F8&#038;add-to-cart=1443\" aria-label=\"Add to cart: &ldquo;F\u00far\u00f3kalap\u00e1cs Dnipro-M RH-100&rdquo;\" data-quantity=\"1\" data-product_id=\"1443\" data-product_sku=\"49127000\" data-price=\"32992.13\" rel=\"nofollow\" class=\"wp-block-button__link  add_to_cart_button ajax_add_to_cart\">Add to cart<\/a><\/div>\n\t\t\t<\/li><li class=\"wc-block-grid__product\">\n\t\t\t\t<a href=\"https:\/\/www.dnipro-m.hu\/?product=furo-vesokalapacs-dnipro-m-rh-100q\" class=\"wc-block-grid__product-link\">\n\t\t\t\t\t\n\t\t\t\t\t<div class=\"wc-block-grid__product-image\"><img loading=\"lazy\" decoding=\"async\" width=\"324\" height=\"324\" src=\"https:\/\/www.dnipro-m.hu\/wp-content\/uploads\/2026\/03\/19776000_1-324x324.jpg\" class=\"attachment-woocommerce_thumbnail size-woocommerce_thumbnail\" alt=\"F\u00far\u00f3-v\u00e9s\u0151kalap\u00e1cs Dnipro-M RH-100Q\" srcset=\"https:\/\/www.dnipro-m.hu\/wp-content\/uploads\/2026\/03\/19776000_1-324x324.jpg 324w, https:\/\/www.dnipro-m.hu\/wp-content\/uploads\/2026\/03\/19776000_1-300x300.jpg 300w, https:\/\/www.dnipro-m.hu\/wp-content\/uploads\/2026\/03\/19776000_1-1024x1024.jpg 1024w, https:\/\/www.dnipro-m.hu\/wp-content\/uploads\/2026\/03\/19776000_1-150x150.jpg 150w, https:\/\/www.dnipro-m.hu\/wp-content\/uploads\/2026\/03\/19776000_1-768x768.jpg 768w, https:\/\/www.dnipro-m.hu\/wp-content\/uploads\/2026\/03\/19776000_1-416x416.jpg 416w, https:\/\/www.dnipro-m.hu\/wp-content\/uploads\/2026\/03\/19776000_1-100x100.jpg 100w, https:\/\/www.dnipro-m.hu\/wp-content\/uploads\/2026\/03\/19776000_1-64x64.jpg 64w, https:\/\/www.dnipro-m.hu\/wp-content\/uploads\/2026\/03\/19776000_1.jpg 1500w\" sizes=\"auto, (max-width: 324px) 100vw, 324px\" \/><\/div>\n\t\t\t\t\t<div class=\"wc-block-grid__product-title\">F\u00far\u00f3-v\u00e9s\u0151kalap\u00e1cs Dnipro-M RH-100Q<\/div>\n\t\t\t\t<\/a>\n\t\t\t\t<div class=\"wc-block-grid__product-price price\"><span class=\"woocommerce-Price-amount amount\">36929,13&nbsp;<span class=\"woocommerce-Price-currencySymbol\">&#070;&#116;<\/span><\/span> <small class=\"woocommerce-price-suffix\">Ft<\/small><\/div>\n\t\t\t\t\n\t\t\t\t<div class=\"wp-block-button wc-block-grid__product-add-to-cart\"><a href=\"\/index.php?rest_route=%2Fwp%2Fv2%2Fpages%2F8&#038;add-to-cart=1441\" aria-label=\"Add to cart: &ldquo;F\u00far\u00f3-v\u00e9s\u0151kalap\u00e1cs Dnipro-M RH-100Q&rdquo;\" data-quantity=\"1\" data-product_id=\"1441\" data-product_sku=\"19776000\" data-price=\"36929.13\" rel=\"nofollow\" class=\"wp-block-button__link  add_to_cart_button ajax_add_to_cart\">Add to cart<\/a><\/div>\n\t\t\t<\/li><\/ul><\/div><\/div>\n<\/div>\n","protected":false},"excerpt":{"rendered":"","protected":false},"author":1,"featured_media":0,"parent":0,"menu_order":0,"comment_status":"closed","ping_status":"closed","template":"","meta":{"footnotes":""},"class_list":["post-8","page","type-page","status-publish","hentry"],"jetpack_sharing_enabled":true,"_links":{"self":[{"href":"https:\/\/www.dnipro-m.hu\/index.php?rest_route=\/wp\/v2\/pages\/8","targetHints":{"allow":["GET"]}}],"collection":[{"href":"https:\/\/www.dnipro-m.hu\/index.php?rest_route=\/wp\/v2\/pages"}],"about":[{"href":"https:\/\/www.dnipro-m.hu\/index.php?rest_route=\/wp\/v2\/types\/page"}],"author":[{"embeddable":true,"href":"https:\/\/www.dnipro-m.hu\/index.php?rest_route=\/wp\/v2\/users\/1"}],"replies":[{"embeddable":true,"href":"https:\/\/www.dnipro-m.hu\/index.php?rest_route=%2Fwp%2Fv2%2Fcomments&post=8"}],"version-history":[{"count":0,"href":"https:\/\/www.dnipro-m.hu\/index.php?rest_route=\/wp\/v2\/pages\/8\/revisions"}],"wp:attachment":[{"href":"https:\/\/www.dnipro-m.hu\/index.php?rest_route=%2Fwp%2Fv2%2Fmedia&parent=8"}],"curies":[{"name":"wp","href":"https:\/\/api.w.org\/{rel}","templated":true}]}}